{"id":652,"date":"2025-05-13T11:49:39","date_gmt":"2025-05-13T09:49:39","guid":{"rendered":"https:\/\/fabian.departamentoinformaticajmpp.com\/WP\/?post_type=product&#038;p=652"},"modified":"2025-05-13T12:05:21","modified_gmt":"2025-05-13T10:05:21","slug":"gran-turismo-7","status":"publish","type":"product","link":"https:\/\/fabian.departamentoinformaticajmpp.com\/WP\/producto\/gran-turismo-7\/","title":{"rendered":"GRAN TURISMO 7"},"content":{"rendered":"<h3 data-start=\"182\" data-end=\"234\">\ud83c\udfc1 GRAN TURISMO 7 \u2013 El Realismo al Volante<\/h3>\n<p data-start=\"236\" data-end=\"542\">Vive la experiencia definitiva de conducci\u00f3n con <strong data-start=\"285\" data-end=\"303\">Gran Turismo 7<\/strong>, el simulador de carreras m\u00e1s realista y completo creado por Polyphony Digital. Dise\u00f1ado para <strong data-start=\"398\" data-end=\"405\">PS5<\/strong>, este t\u00edtulo eleva el list\u00f3n con gr\u00e1ficos hiperrealistas, f\u00edsica avanzada y un garaje de ensue\u00f1o con m\u00e1s de 400 coches de todo el mundo.<\/p>\n<p data-start=\"544\" data-end=\"578\">\ud83d\ude97 <strong data-start=\"547\" data-end=\"577\">Caracter\u00edsticas destacadas<\/strong>:<\/p>\n<ul data-start=\"579\" data-end=\"926\">\n<li data-start=\"579\" data-end=\"657\">\n<p data-start=\"581\" data-end=\"657\">M\u00e1s de 90 circuitos reales y ficticios con condiciones clim\u00e1ticas din\u00e1micas.<\/p>\n<\/li>\n<li data-start=\"658\" data-end=\"727\">\n<p data-start=\"660\" data-end=\"727\">Personalizaci\u00f3n completa de veh\u00edculos: est\u00e9tica, rendimiento y m\u00e1s.<\/p>\n<\/li>\n<li data-start=\"728\" data-end=\"783\">\n<p data-start=\"730\" data-end=\"783\">Modo campa\u00f1a cl\u00e1sico: compra, mejora, compite y gana.<\/p>\n<\/li>\n<li data-start=\"784\" data-end=\"860\">\n<p data-start=\"786\" data-end=\"860\">Gran Turismo Caf\u00e9: una forma \u00fanica de descubrir la historia del autom\u00f3vil.<\/p>\n<\/li>\n<li data-start=\"861\" data-end=\"926\">\n<p data-start=\"863\" data-end=\"926\">Multijugador online para competir con pilotos de todo el mundo.<\/p>\n<\/li>\n<\/ul>\n<p data-start=\"928\" data-end=\"1080\">\ud83c\udfae Compatibilidad total con el <strong data-start=\"959\" data-end=\"972\">DualSense<\/strong>: siente la carretera, los frenos, el derrape y cada curva como si estuvieras en la cabina de un coche real.<\/p>\n<p data-start=\"1082\" data-end=\"1129\">\u2705 Exclusivo para PS5 | Gr\u00e1ficos 4K HDR | 60 FPS<\/p>\n","protected":false},"excerpt":{"rendered":"<h3 data-start=\"182\" data-end=\"234\">\ud83c\udfc1 GRAN TURISMO 7 \u2013 El Realismo al Volante<\/h3>\n<p data-start=\"236\" data-end=\"542\">Vive la experiencia definitiva de conducci\u00f3n con <strong data-start=\"285\" data-end=\"303\">Gran Turismo 7<\/strong>, el simulador de carreras m\u00e1s realista y completo creado por Polyphony Digital. Dise\u00f1ado para <strong data-start=\"398\" data-end=\"405\">PS5<\/strong>, este t\u00edtulo eleva el list\u00f3n con gr\u00e1ficos hiperrealistas, f\u00edsica avanzada y un garaje de ensue\u00f1o con m\u00e1s de 400 coches de todo el mundo.<\/p>\n","protected":false},"featured_media":653,"comment_status":"open","ping_status":"closed","template":"","meta":{"site-sidebar-layout":"default","site-content-layout":"","ast-site-content-layout":"default","site-content-style":"default","site-sidebar-style":"default","ast-global-header-display":"","ast-banner-title-visibility":"","ast-main-header-display":"","ast-hfb-above-header-display":"","ast-hfb-below-header-display":"","ast-hfb-mobile-header-display":"","site-post-title":"","ast-breadcrumbs-content":"","ast-featured-img":"","footer-sml-layout":"","theme-transparent-header-meta":"default","adv-header-id-meta":"","stick-header-meta":"","header-above-stick-meta":"","header-main-stick-meta":"","header-below-stick-meta":"","astra-migrate-meta-layouts":"set","ast-page-background-enabled":"default","ast-page-background-meta":{"desktop":{"background-color":"var(--ast-global-color-5)","background-image":"","background-repeat":"repeat","background-position":"center center","background-size":"auto","background-attachment":"scroll","background-type":"","background-media":"","overlay-type":"","overlay-color":"","overlay-opacity":"","overlay-gradient":""},"tablet":{"background-color":"","background-image":"","background-repeat":"repeat","background-position":"center center","background-size":"auto","background-attachment":"scroll","background-type":"","background-media":"","overlay-type":"","overlay-color":"","overlay-opacity":"","overlay-gradient":""},"mobile":{"background-color":"","background-image":"","background-repeat":"repeat","background-position":"center center","background-size":"auto","background-attachment":"scroll","background-type":"","background-media":"","overlay-type":"","overlay-color":"","overlay-opacity":"","overlay-gradient":""}},"ast-content-background-meta":{"desktop":{"background-color":"var(--ast-global-color-4)","background-image":"","background-repeat":"repeat","background-position":"center center","background-size":"auto","background-attachment":"scroll","background-type":"","background-media":"","overlay-type":"","overlay-color":"","overlay-opacity":"","overlay-gradient":""},"tablet":{"background-color":"var(--ast-global-color-4)","background-image":"","background-repeat":"repeat","background-position":"center center","background-size":"auto","background-attachment":"scroll","background-type":"","background-media":"","overlay-type":"","overlay-color":"","overlay-opacity":"","overlay-gradient":""},"mobile":{"background-color":"var(--ast-global-color-4)","background-image":"","background-repeat":"repeat","background-position":"center center","background-size":"auto","background-attachment":"scroll","background-type":"","background-media":"","overlay-type":"","overlay-color":"","overlay-opacity":"","overlay-gradient":""}}},"product_brand":[],"product_cat":[22],"product_tag":[],"class_list":{"0":"post-652","1":"product","2":"type-product","3":"status-publish","4":"has-post-thumbnail","6":"product_cat-sin-categorizar","7":"desktop-align-left","8":"tablet-align-left","9":"mobile-align-left","11":"first","12":"instock","13":"sale","14":"shipping-taxable","15":"purchasable","16":"product-type-simple"},"_links":{"self":[{"href":"https:\/\/fabian.departamentoinformaticajmpp.com\/WP\/wp-json\/wp\/v2\/product\/652","targetHints":{"allow":["GET"]}}],"collection":[{"href":"https:\/\/fabian.departamentoinformaticajmpp.com\/WP\/wp-json\/wp\/v2\/product"}],"about":[{"href":"https:\/\/fabian.departamentoinformaticajmpp.com\/WP\/wp-json\/wp\/v2\/types\/product"}],"replies":[{"embeddable":true,"href":"https:\/\/fabian.departamentoinformaticajmpp.com\/WP\/wp-json\/wp\/v2\/comments?post=652"}],"wp:featuredmedia":[{"embeddable":true,"href":"https:\/\/fabian.departamentoinformaticajmpp.com\/WP\/wp-json\/wp\/v2\/media\/653"}],"wp:attachment":[{"href":"https:\/\/fabian.departamentoinformaticajmpp.com\/WP\/wp-json\/wp\/v2\/media?parent=652"}],"wp:term":[{"taxonomy":"product_brand","embeddable":true,"href":"https:\/\/fabian.departamentoinformaticajmpp.com\/WP\/wp-json\/wp\/v2\/product_brand?post=652"},{"taxonomy":"product_cat","embeddable":true,"href":"https:\/\/fabian.departamentoinformaticajmpp.com\/WP\/wp-json\/wp\/v2\/product_cat?post=652"},{"taxonomy":"product_tag","embeddable":true,"href":"https:\/\/fabian.departamentoinformaticajmpp.com\/WP\/wp-json\/wp\/v2\/product_tag?post=652"}],"curies":[{"name":"wp","href":"https:\/\/api.w.org\/{rel}","templated":true}]}}