{"id":662,"date":"2025-05-13T12:09:13","date_gmt":"2025-05-13T10:09:13","guid":{"rendered":"https:\/\/fabian.departamentoinformaticajmpp.com\/WP\/?post_type=product&#038;p=662"},"modified":"2025-05-13T12:09:13","modified_gmt":"2025-05-13T10:09:13","slug":"spiderman","status":"publish","type":"product","link":"https:\/\/fabian.departamentoinformaticajmpp.com\/WP\/producto\/spiderman\/","title":{"rendered":"SPIDERMAN"},"content":{"rendered":"<h3 data-start=\"170\" data-end=\"237\">\ud83d\udd77\ufe0f MARVEL\u2019S SPIDER-MAN \u2013 Siente el Poder de Ser un H\u00e9roe<\/h3>\n<p data-start=\"239\" data-end=\"494\">Ponte el traje y balanc\u00e9ate por los rascacielos de Nueva York como nunca antes con <strong data-start=\"322\" data-end=\"356\">Marvel\u2019s Spider-Man Remastered<\/strong> o <strong data-start=\"359\" data-end=\"388\">Spider-Man: Miles Morales<\/strong>, optimizados para <strong data-start=\"407\" data-end=\"414\">PS5<\/strong>. Vive una aventura llena de acci\u00f3n, emoci\u00f3n y cinematograf\u00eda de nivel superior.<\/p>\n<p data-start=\"496\" data-end=\"541\">\ud83c\udf06 <strong data-start=\"499\" data-end=\"540\">Lo que hace \u00fanico a Spider-Man en PS5<\/strong>:<\/p>\n<ul data-start=\"542\" data-end=\"973\">\n<li data-start=\"542\" data-end=\"617\">\n<p data-start=\"544\" data-end=\"617\">Gr\u00e1ficos en 4K y 60 FPS con Ray Tracing para una ciudad viva y detallada.<\/p>\n<\/li>\n<li data-start=\"618\" data-end=\"671\">\n<p data-start=\"620\" data-end=\"671\">Carga casi instant\u00e1nea gracias al SSD ultrarr\u00e1pido.<\/p>\n<\/li>\n<li data-start=\"672\" data-end=\"778\">\n<p data-start=\"674\" data-end=\"778\">Sensaciones reales con el mando <strong data-start=\"706\" data-end=\"719\">DualSense<\/strong>: siente la tensi\u00f3n de la telara\u00f1a y cada golpe en combate.<\/p>\n<\/li>\n<li data-start=\"779\" data-end=\"854\">\n<p data-start=\"781\" data-end=\"854\">Historia cinematogr\u00e1fica cargada de emoci\u00f3n, giros y h\u00e9roes inolvidables.<\/p>\n<\/li>\n<li data-start=\"855\" data-end=\"973\">\n<p data-start=\"857\" data-end=\"973\">Dos aventuras disponibles: Peter Parker en su mejor momento, y Miles Morales en su ascenso como el nuevo Spider-Man.<\/p>\n<\/li>\n<\/ul>\n<p data-start=\"975\" data-end=\"1095\">\ud83c\udfae Acci\u00f3n fluida, acrobacias espectaculares y un mundo abierto lleno de misiones secundarias, secretos y coleccionables.<\/p>\n<p data-start=\"1097\" data-end=\"1161\">\u2705 Exclusivo para PS5 | Ediciones Est\u00e1ndar y Ultimate disponibles<\/p>\n","protected":false},"excerpt":{"rendered":"<h3 data-start=\"170\" data-end=\"237\">\ud83d\udd77\ufe0f MARVEL\u2019S SPIDER-MAN \u2013 Siente el Poder de Ser un H\u00e9roe<\/h3>\n<p data-start=\"239\" data-end=\"494\">Ponte el traje y balanc\u00e9ate por los rascacielos de Nueva York como nunca antes con <strong data-start=\"322\" data-end=\"356\">Marvel\u2019s Spider-Man Remastered<\/strong> o <strong data-start=\"359\" data-end=\"388\">Spider-Man: Miles Morales<\/strong>, optimizados para <strong data-start=\"407\" data-end=\"414\">PS5<\/strong>. Vive una aventura llena de acci\u00f3n, emoci\u00f3n y cinematograf\u00eda de nivel superior.<\/p>\n","protected":false},"featured_media":663,"comment_status":"open","ping_status":"closed","template":"","meta":{"site-sidebar-layout":"default","site-content-layout":"","ast-site-content-layout":"default","site-content-style":"default","site-sidebar-style":"default","ast-global-header-display":"","ast-banner-title-visibility":"","ast-main-header-display":"","ast-hfb-above-header-display":"","ast-hfb-below-header-display":"","ast-hfb-mobile-header-display":"","site-post-title":"","ast-breadcrumbs-content":"","ast-featured-img":"","footer-sml-layout":"","theme-transparent-header-meta":"default","adv-header-id-meta":"","stick-header-meta":"","header-above-stick-meta":"","header-main-stick-meta":"","header-below-stick-meta":"","astra-migrate-meta-layouts":"set","ast-page-background-enabled":"default","ast-page-background-meta":{"desktop":{"background-color":"var(--ast-global-color-5)","background-image":"","background-repeat":"repeat","background-position":"center center","background-size":"auto","background-attachment":"scroll","background-type":"","background-media":"","overlay-type":"","overlay-color":"","overlay-opacity":"","overlay-gradient":""},"tablet":{"background-color":"","background-image":"","background-repeat":"repeat","background-position":"center center","background-size":"auto","background-attachment":"scroll","background-type":"","background-media":"","overlay-type":"","overlay-color":"","overlay-opacity":"","overlay-gradient":""},"mobile":{"background-color":"","background-image":"","background-repeat":"repeat","background-position":"center center","background-size":"auto","background-attachment":"scroll","background-type":"","background-media":"","overlay-type":"","overlay-color":"","overlay-opacity":"","overlay-gradient":""}},"ast-content-background-meta":{"desktop":{"background-color":"var(--ast-global-color-4)","background-image":"","background-repeat":"repeat","background-position":"center center","background-size":"auto","background-attachment":"scroll","background-type":"","background-media":"","overlay-type":"","overlay-color":"","overlay-opacity":"","overlay-gradient":""},"tablet":{"background-color":"var(--ast-global-color-4)","background-image":"","background-repeat":"repeat","background-position":"center center","background-size":"auto","background-attachment":"scroll","background-type":"","background-media":"","overlay-type":"","overlay-color":"","overlay-opacity":"","overlay-gradient":""},"mobile":{"background-color":"var(--ast-global-color-4)","background-image":"","background-repeat":"repeat","background-position":"center center","background-size":"auto","background-attachment":"scroll","background-type":"","background-media":"","overlay-type":"","overlay-color":"","overlay-opacity":"","overlay-gradient":""}}},"product_brand":[],"product_cat":[22],"product_tag":[29,30,26],"class_list":{"0":"post-662","1":"product","2":"type-product","3":"status-publish","4":"has-post-thumbnail","6":"product_cat-sin-categorizar","7":"product_tag-ps5","8":"product_tag-spiderman","9":"product_tag-videogame","10":"desktop-align-left","11":"tablet-align-left","12":"mobile-align-left","14":"first","15":"instock","16":"sale","17":"shipping-taxable","18":"purchasable","19":"product-type-simple"},"_links":{"self":[{"href":"https:\/\/fabian.departamentoinformaticajmpp.com\/WP\/wp-json\/wp\/v2\/product\/662","targetHints":{"allow":["GET"]}}],"collection":[{"href":"https:\/\/fabian.departamentoinformaticajmpp.com\/WP\/wp-json\/wp\/v2\/product"}],"about":[{"href":"https:\/\/fabian.departamentoinformaticajmpp.com\/WP\/wp-json\/wp\/v2\/types\/product"}],"replies":[{"embeddable":true,"href":"https:\/\/fabian.departamentoinformaticajmpp.com\/WP\/wp-json\/wp\/v2\/comments?post=662"}],"wp:featuredmedia":[{"embeddable":true,"href":"https:\/\/fabian.departamentoinformaticajmpp.com\/WP\/wp-json\/wp\/v2\/media\/663"}],"wp:attachment":[{"href":"https:\/\/fabian.departamentoinformaticajmpp.com\/WP\/wp-json\/wp\/v2\/media?parent=662"}],"wp:term":[{"taxonomy":"product_brand","embeddable":true,"href":"https:\/\/fabian.departamentoinformaticajmpp.com\/WP\/wp-json\/wp\/v2\/product_brand?post=662"},{"taxonomy":"product_cat","embeddable":true,"href":"https:\/\/fabian.departamentoinformaticajmpp.com\/WP\/wp-json\/wp\/v2\/product_cat?post=662"},{"taxonomy":"product_tag","embeddable":true,"href":"https:\/\/fabian.departamentoinformaticajmpp.com\/WP\/wp-json\/wp\/v2\/product_tag?post=662"}],"curies":[{"name":"wp","href":"https:\/\/api.w.org\/{rel}","templated":true}]}}